{"id":93,"date":"2020-03-11T14:03:33","date_gmt":"2020-03-11T14:03:33","guid":{"rendered":"http:\/\/deefie.de\/?page_id=93"},"modified":"2026-02-04T09:27:57","modified_gmt":"2026-02-04T09:27:57","slug":"trainee-zum-junior-finanzberater-m-w-d-fuer-top-zielgruppe","status":"publish","type":"page","link":"https:\/\/deefie.de\/?page_id=93","title":{"rendered":"Trainee zum Junior-Finanzberater (m\/w\/d) f\u00fcr Top-Zielgruppe"},"content":{"rendered":"\n<p><em>Wir suchen deutschlandweit motivierte Absolventen als vertriebsorientierte Trainees zum Junior-Finanzberater (m\/w\/d) f\u00fcr Top-Zielgruppe <\/em><\/p>\n\n\n\n<p><strong>Ihre Vorteile:<\/strong><\/p>\n\n\n\n<ul class=\"wp-block-list\">\n<li>Selbstbestimmtes Arbeiten mit B\u00fcro in der jeweiligen Niederlassung<\/li>\n\n\n\n<li>Ausgeglichene Work-Life-Balance<\/li>\n\n\n\n<li>Umfangreiches Weiterbildungs-Angebote inkl. Zertifizierungen <\/li>\n\n\n\n<li>Einkommen im 1. Jahr ca. 60.000.-\u20ac<\/li>\n\n\n\n<li>Hochwertige Kundengruppen mit Interesse an qualifizierter Beratung<\/li>\n<\/ul>\n\n\n\n<p><strong>Ihre Aufgaben:<\/strong><\/p>\n\n\n\n<ul class=\"wp-block-list\">\n<li>Ganzheitliche Finanzberatung Ihres Kundenbestands<\/li>\n\n\n\n<li>Erstellung und Umsetzung kundenspezifischer Konzepte<\/li>\n\n\n\n<li>Akquise von Neukunden<\/li>\n\n\n\n<li>Eigenst\u00e4ndiges Gestalten des Arbeitsalltags in einem professionellen Umfeld<\/li>\n\n\n\n<li>Permanente Weiterentwicklung der pers\u00f6nlichen Kompetenzen<\/li>\n<\/ul>\n\n\n\n<p><strong>Aktuell zu besetzende Standorte in:<\/strong><br><br><strong>Bayern<\/strong><\/p>\n\n\n\n<p>93047 Regensburg<\/p>\n\n\n\n<p>80333 M\u00fcnchen<\/p>\n\n\n\n<p>85049 Ingolstadt<\/p>\n\n\n\n<p>96047 Bamberg<\/p>\n\n\n\n<p>95444 Bayreuth<\/p>\n\n\n\n<p>86150 Augsburg<\/p>\n\n\n\n<p>90402 N\u00fcrnberg<\/p>\n\n\n\n<p>91052 Erlangen<\/p>\n\n\n\n<p>97070 W\u00fcrzburg<\/p>\n\n\n\n<p><strong>Baden-W\u00fcrttemberg<\/strong><\/p>\n\n\n\n<p>70173 Stuttgart<\/p>\n\n\n\n<p>72070 T\u00fcbingen<\/p>\n\n\n\n<p>74072 Heilbronn<\/p>\n\n\n\n<p>75172 Pforzheim<\/p>\n\n\n\n<p>76131 Karlsruhe<\/p>\n\n\n\n<p>78462 Konstanz<\/p>\n\n\n\n<p>79098 Freiburg<\/p>\n\n\n\n<p>88212 Ravensburg<\/p>\n\n\n\n<p>89073 Ulm<\/p>\n\n\n\n<p><strong>Berlin<\/strong><br>10115 Berlin<\/p>\n\n\n\n<p><strong>Hamburg<\/strong><br>20095 Hamburg<\/p>\n\n\n\n<p><strong>Hessen<\/strong><\/p>\n\n\n\n<p>34117 Kassel<\/p>\n\n\n\n<p>35037 Marburg<\/p>\n\n\n\n<p>35390 Gie\u00dfen<\/p>\n\n\n\n<p>36037 Fulda<\/p>\n\n\n\n<p>55246 Wiesbaden<\/p>\n\n\n\n<p>64283 Darmstadt<\/p>\n\n\n\n<p><strong>Mecklenburg-Vorpommern<\/strong><\/p>\n\n\n\n<p>17489 Greifswald<\/p>\n\n\n\n<p>18055 Rostock<\/p>\n\n\n\n<p><strong>Niedersachsen<\/strong><\/p>\n\n\n\n<p>21335 L\u00fcneburg<\/p>\n\n\n\n<p>26121 Oldenburg<\/p>\n\n\n\n<p>26721 Emden<\/p>\n\n\n\n<p>30159 Hannover<\/p>\n\n\n\n<p>31134 Hildesheim<\/p>\n\n\n\n<p>37073 G\u00f6ttingen&nbsp;<\/p>\n\n\n\n<p>38100 Braunschweig<\/p>\n\n\n\n<p>49074 Osnabr\u00fcck<\/p>\n\n\n\n<p>49377 Vechta<\/p>\n\n\n\n<p>49808 Lingen<\/p>\n\n\n\n<p><strong>Nordrhein-Westfalen<\/strong><\/p>\n\n\n\n<p>33602 Bielefeld<\/p>\n\n\n\n<p>33098 Paderborn<\/p>\n\n\n\n<p>40210 D\u00fcsseldorf<\/p>\n\n\n\n<p>42103 Wuppertal<\/p>\n\n\n\n<p>44135 Dortmund<\/p>\n\n\n\n<p>44787 Bochum<\/p>\n\n\n\n<p>45127 Essen<\/p>\n\n\n\n<p>48143 M\u00fcnster<\/p>\n\n\n\n<p>52062 Aachen<\/p>\n\n\n\n<p>53111 Bonn<\/p>\n\n\n\n<p><strong>Rheinland-Pfalz<\/strong><\/p>\n\n\n\n<p>56068 Koblenz<\/p>\n\n\n\n<p>54290 Trier<\/p>\n\n\n\n<p>55127 Mainz<\/p>\n\n\n\n<p>67655 Kaiserslautern<\/p>\n\n\n\n<p>76829 Landau in der Pfalz<\/p>\n\n\n\n<p><strong>Saarland<\/strong><\/p>\n\n\n\n<p>66111 Saarbr\u00fccken<\/p>\n\n\n\n<p>66424 Homburg<\/p>\n\n\n\n<p><strong>Sachsen<\/strong><\/p>\n\n\n\n<p>08056 Zwickau<\/p>\n\n\n\n<p>01067 Dresden<\/p>\n\n\n\n<p>04103 Leipzig<\/p>\n\n\n\n<p>09111 Chemnitz<\/p>\n\n\n\n<p><strong>Sachsen-Anhalt<\/strong><\/p>\n\n\n\n<p>06108 Halle<\/p>\n\n\n\n<p>39104 Magdeburg<\/p>\n\n\n\n<p><strong>Schleswig-Holstein<\/strong><\/p>\n\n\n\n<p>23552 L\u00fcbeck<\/p>\n\n\n\n<p>24103 Kiel<\/p>\n\n\n\n<p>24937 Flensburg<\/p>\n\n\n\n<p><strong>Th\u00fcringen<\/strong><\/p>\n\n\n\n<p>07743 Jena<\/p>\n\n\n\n<p>99084 Erfurt<\/p>\n\n\n\n<p><\/p>\n\n\n\n<p><\/p>\n\n\n\n<p><strong>Qualifikationen:<\/strong><\/p>\n\n\n\n<ul class=\"wp-block-list\">\n<li>Sie sind Absolvent einer Uni\/FH (haben ein abgeschlossenes Studium oder schlie\u00dfen dieses demn\u00e4chst ab)<\/li>\n\n\n\n<li>Sie interessieren sich f\u00fcr finanzwirtschaftliche Themen<\/li>\n\n\n\n<li>Sie sind kommunikationsstark und m\u00f6chten gerne beratend t\u00e4tig sein und Ihre Karriere im Vertrieb starten<\/li>\n<\/ul>\n\n\n\n<p>Bewerben Sie sich jetzt und werden Sie schnell erfolgreich.<\/p>\n\n\n\n<p>Wir freuen uns auf Ihre Bewerbung. Online, per e-mail an jobs@deefie.de oder vorab telefonisch: 0176 52280277<\/p>\n\n\n\n<p>Deerfield Consulting<br> Rebhuhnstrasse 10<br> D-86179 Augsburg<br> Telefon: 0176 52280277<br> E-Mail: jobs@deefie.de<\/p>\n","protected":false},"excerpt":{"rendered":"<p>Wir suchen deutschlandweit motivierte Absolventen als vertriebsorientierte Trainees zum Junior-Finanzberater (m\/w\/d) f\u00fcr Top-Zielgruppe Ihre Vorteile: Ihre Aufgaben: Aktuell zu besetzende Standorte in: Bayern 93047 Regensburg 80333 M\u00fcnchen 85049 Ingolstadt 96047 Bamberg 95444 Bayreuth 86150 Augsburg 90402 N\u00fcrnberg 91052 Erlangen 97070 W\u00fcrzburg Baden-W\u00fcrttemberg 70173 Stuttgart 72070 T\u00fcbingen 74072 Heilbronn 75172 Pforzheim 76131 Karlsruhe 78462 Konstanz 79098 &hellip; <\/p>\n<p class=\"link-more\"><a href=\"https:\/\/deefie.de\/?page_id=93\" class=\"more-link\"><span class=\"screen-reader-text\">\u201eTrainee zum Junior-Finanzberater (m\/w\/d) f\u00fcr Top-Zielgruppe\u201c <\/span>weiterlesen<\/a><\/p>\n","protected":false},"author":1,"featured_media":0,"parent":28,"menu_order":1,"comment_status":"closed","ping_status":"closed","template":"","meta":{"footnotes":""},"class_list":["post-93","page","type-page","status-publish","hentry"],"_links":{"self":[{"href":"https:\/\/deefie.de\/index.php?rest_route=\/wp\/v2\/pages\/93","targetHints":{"allow":["GET"]}}],"collection":[{"href":"https:\/\/deefie.de\/index.php?rest_route=\/wp\/v2\/pages"}],"about":[{"href":"https:\/\/deefie.de\/index.php?rest_route=\/wp\/v2\/types\/page"}],"author":[{"embeddable":true,"href":"https:\/\/deefie.de\/index.php?rest_route=\/wp\/v2\/users\/1"}],"replies":[{"embeddable":true,"href":"https:\/\/deefie.de\/index.php?rest_route=%2Fwp%2Fv2%2Fcomments&post=93"}],"version-history":[{"count":45,"href":"https:\/\/deefie.de\/index.php?rest_route=\/wp\/v2\/pages\/93\/revisions"}],"predecessor-version":[{"id":335,"href":"https:\/\/deefie.de\/index.php?rest_route=\/wp\/v2\/pages\/93\/revisions\/335"}],"up":[{"embeddable":true,"href":"https:\/\/deefie.de\/index.php?rest_route=\/wp\/v2\/pages\/28"}],"wp:attachment":[{"href":"https:\/\/deefie.de\/index.php?rest_route=%2Fwp%2Fv2%2Fmedia&parent=93"}],"curies":[{"name":"wp","href":"https:\/\/api.w.org\/{rel}","templated":true}]}}