{"id":43,"date":"2020-02-03T09:37:38","date_gmt":"2020-02-03T09:37:38","guid":{"rendered":"http:\/\/deefie.de\/?page_id=43"},"modified":"2026-02-04T08:47:05","modified_gmt":"2026-02-04T08:47:05","slug":"datenschutz","status":"publish","type":"page","link":"https:\/\/deefie.de\/?page_id=43","title":{"rendered":"Datenschutz"},"content":{"rendered":"\n<h2 class=\"wp-block-heading\"><strong>Datenschutz auf einen Blick<br>\n<\/strong><\/h2>\n\n\n\n<ol class=\"wp-block-list\">\n<li><strong>Allgemeine Hinweise<\/strong><br><br>Der Schutz Ihrer personenbezogenen Daten ist uns ein wichtiges Anliegen.<br>Wir behandeln Ihre personenbezogenen Daten vertraulich und entsprechend den<br>gesetzlichen Datenschutzvorschriften, insbesondere der Datenschutz-<br>Grundverordnung (DSGVO) sowie dieser Datenschutzerkl\u00e4rung.<br>Mit dieser Datenschutzerkl\u00e4rung informieren wir Sie \u00fcber Art, Umfang und Zweck der<br>Verarbeitung personenbezogener Daten beim Besuch unserer Website.<br>Personenbezogene Daten sind alle Daten, mit denen Sie pers\u00f6nlich identifiziert<br>werden k\u00f6nnen.<br><\/li>\n\n\n\n<li><strong>Verantwortliche Stelle<\/strong><br><br>Deerfield Consulting<br>Lechrainstr. 34E<br>86163 Augsburg<br>Deutschland<br>Telefon: 0176\/84552996<br><br>E-Mail: jobs@deefie.de<br>Website: www.deefie.de<br><br>Verantwortliche Stelle ist die nat\u00fcrliche oder juristische Person, die allein oder<br>gemeinsam mit anderen \u00fcber die Zwecke und Mittel der Verarbeitung von<br>personenbezogenen Daten entscheidet.<br><\/li>\n\n\n\n<li><strong>Datenerfassung beim Besuch unserer Website<\/strong><br><br><strong>Server-Log-Dateien<\/strong><br>Beim Aufruf unserer Website erhebt und speichert der Hostinganbieter automatisch<br>Informationen in sogenannten Server-Log-Dateien, die Ihr Browser automatisch<br>\u00fcbermittelt. Dies sind insbesondere:<br><br>&#8211; Browsertyp und Browserversion<br>&#8211; verwendetes Betriebssystem<br>&#8211; Referrer-URL<br>&#8211; Hostname des zugreifenden Rechners<br>&#8211; Datum und Uhrzeit der Serveranfrage<br>&#8211; IP-Adresse<\/li>\n<\/ol>\n\n\n\n<p>Diese Daten werden verarbeitet, um einen st\u00f6rungsfreien Betrieb der Website zu<br>gew\u00e4hrleisten sowie zur Verbesserung unseres Angebots.<br>Rechtsgrundlage:<br>Art. 6 Abs. 1 lit. f DSGVO (berechtigtes Interesse an Sicherheit und Stabilit\u00e4t der<br>Website)<br>Eine Zusammenf\u00fchrung dieser Daten mit anderen Datenquellen erfolgt nicht.<\/p>\n\n\n\n<ol start=\"4\" class=\"wp-block-list\">\n<li>Kontaktaufnahme per E-Mail oder Kontaktformular<br><br>Wenn Sie uns per E-Mail oder \u00fcber ein Kontaktformular kontaktieren, werden Ihre<br>Angaben inklusive der von Ihnen angegebenen Kontaktdaten zum Zweck der<br>Bearbeitung Ihrer Anfrage und f\u00fcr den Fall von Anschlussfragen bei uns gespeichert.<br><br>Verarbeitete Daten:<br><br>&#8211; Name (sofern angegeben)<br>&#8211; E-Mail-Adresse<br>&#8211; Inhalt der Nachricht<br><br>Rechtsgrundlage:<br><br>&#8211; Art. 6 Abs. 1 lit. b DSGVO (vorvertragliche Ma\u00dfnahmen) oder<br>&#8211; Art. 6 Abs. 1 lit. f DSGVO (berechtigtes Interesse an der Bearbeitung Ihrer<br>Anfrage)<br><br>Die Daten werden gel\u00f6scht, sobald sie f\u00fcr den Zweck der Erhebung nicht mehr<br>erforderlich sind und keine gesetzlichen Aufbewahrungspflichten bestehen.<br><\/li>\n\n\n\n<li>Cookies &amp; Tracking<br><br>Unsere Website verwendet keine Cookies, keine Analyse- oder Tracking-Tools<br>und keine Marketing- oder Remarketing-Dienste.<br>Es findet keine Auswertung des Nutzerverhaltens statt.<br><\/li>\n\n\n\n<li>Weitergabe von Daten<br><br>Eine \u00dcbermittlung Ihrer personenbezogenen Daten an Dritte findet nicht statt, sofern<br>dies nicht zur Vertragserf\u00fcllung erforderlich ist oder eine gesetzliche Verpflichtung<br>besteht.<br>Eine Daten\u00fcbermittlung in Drittstaaten (au\u00dferhalb der EU) erfolgt nicht.<br><\/li>\n\n\n\n<li>SSL- bzw. TLS-Verschl\u00fcsselung<\/li>\n<\/ol>\n\n\n\n<p>Diese Website nutzt aus Sicherheitsgr\u00fcnden und zum Schutz der \u00dcbertragung<br>vertraulicher Inhalte eine SSL- bzw. TLS-Verschl\u00fcsselung.<br>Eine verschl\u00fcsselte Verbindung erkennen Sie an der \u201ehttps:\/\/\u201c-Adresszeile und dem<br>Schloss-Symbol in der Browserzeile.<\/p>\n\n\n\n<ol start=\"8\" class=\"wp-block-list\">\n<li>Speicherdauer<br><br>Wir speichern personenbezogene Daten nur so lange, wie dies f\u00fcr die jeweiligen<br>Verarbeitungszwecke erforderlich ist oder gesetzliche Aufbewahrungsfristen<br>bestehen.<br><\/li>\n\n\n\n<li>Rechte der betroffenen Person<br><br>Sie haben jederzeit das Recht:<br><br>&#8211; auf Auskunft \u00fcber Ihre gespeicherten Daten (Art. 15 DSGVO)<br>&#8211; auf Berichtigung unrichtiger Daten (Art. 16 DSGVO)<br>&#8211; auf L\u00f6schung Ihrer Daten (Art. 17 DSGVO)<br>&#8211; auf Einschr\u00e4nkung der Verarbeitung (Art. 18 DSGVO)<br>&#8211; auf Daten\u00fcbertragbarkeit (Art. 20 DSGVO)<br>&#8211; auf Widerspruch gegen die Verarbeitung (Art. 21 DSGVO)<br><br>Zur Wahrnehmung Ihrer Rechte gen\u00fcgt eine formlose Mitteilung per E-Mail an die<br>oben genannte verantwortliche Stelle.<br><\/li>\n\n\n\n<li>Beschwerderecht<br><br>Ihnen steht ein Beschwerderecht bei der zust\u00e4ndigen Datenschutzaufsichtsbeh\u00f6rde<br>zu.<br>Zust\u00e4ndig ist der Datenschutzbeauftragte des Bundeslandes Bayern.<br><\/li>\n\n\n\n<li>Aktualit\u00e4t<br><br>Diese Datenschutzerkl\u00e4rung ist aktuell g\u00fcltig und hat den Stand 01.02.2026.<\/li>\n<\/ol>\n\n\n\n<p><strong>Impressum<\/strong><br><br>Deerfield Consulting<br>Lechrainstr. 34E<br>86163 Augsburg<br>Deutschland<br>Telefon: 0176\/84552996<br>E-Mail: jobs@deefie.de<br><br><strong>Vertreten durch:<\/strong><br>Magdalena Hirschenfeld<\/p>\n\n\n\n<p>Verantwortlich f\u00fcr den Inhalt nach \u00a7 18 Abs. 2 MStV<br>Deerfield Consulting<br>Inh. Magdalena Hirschenfeld<br>Lechrainstr. 34E<br>86163 Augsburg<\/p>\n\n\n\n<p>EU-Streitschlichtung<br>Die Europ\u00e4ische Kommission stellt eine Plattform zur Online-Streitbeilegung (OS)<br>bereit:<br>https:\/\/ec.europa.eu\/consumers\/odr\/<br>Wir sind nicht verpflichtet und nicht bereit, an Streitbeilegungsverfahren vor einer<br>Verbraucherschlichtungsstelle teilzunehmen.<\/p>\n\n\n\n<p><\/p>\n","protected":false},"excerpt":{"rendered":"<p>Datenschutz auf einen Blick Diese Daten werden verarbeitet, um einen st\u00f6rungsfreien Betrieb der Website zugew\u00e4hrleisten sowie zur Verbesserung unseres Angebots.Rechtsgrundlage:Art. 6 Abs. 1 lit. f DSGVO (berechtigtes Interesse an Sicherheit und Stabilit\u00e4t derWebsite)Eine Zusammenf\u00fchrung dieser Daten mit anderen Datenquellen erfolgt nicht. Diese Website nutzt aus Sicherheitsgr\u00fcnden und zum Schutz der \u00dcbertragungvertraulicher Inhalte eine SSL- bzw. &hellip; <\/p>\n<p class=\"link-more\"><a href=\"https:\/\/deefie.de\/?page_id=43\" class=\"more-link\"><span class=\"screen-reader-text\">\u201eDatenschutz\u201c <\/span>weiterlesen<\/a><\/p>\n","protected":false},"author":1,"featured_media":0,"parent":0,"menu_order":0,"comment_status":"closed","ping_status":"closed","template":"","meta":{"footnotes":""},"class_list":["post-43","page","type-page","status-publish","hentry"],"_links":{"self":[{"href":"https:\/\/deefie.de\/index.php?rest_route=\/wp\/v2\/pages\/43","targetHints":{"allow":["GET"]}}],"collection":[{"href":"https:\/\/deefie.de\/index.php?rest_route=\/wp\/v2\/pages"}],"about":[{"href":"https:\/\/deefie.de\/index.php?rest_route=\/wp\/v2\/types\/page"}],"author":[{"embeddable":true,"href":"https:\/\/deefie.de\/index.php?rest_route=\/wp\/v2\/users\/1"}],"replies":[{"embeddable":true,"href":"https:\/\/deefie.de\/index.php?rest_route=%2Fwp%2Fv2%2Fcomments&post=43"}],"version-history":[{"count":43,"href":"https:\/\/deefie.de\/index.php?rest_route=\/wp\/v2\/pages\/43\/revisions"}],"predecessor-version":[{"id":328,"href":"https:\/\/deefie.de\/index.php?rest_route=\/wp\/v2\/pages\/43\/revisions\/328"}],"wp:attachment":[{"href":"https:\/\/deefie.de\/index.php?rest_route=%2Fwp%2Fv2%2Fmedia&parent=43"}],"curies":[{"name":"wp","href":"https:\/\/api.w.org\/{rel}","templated":true}]}}