{"id":41,"date":"2020-02-03T09:37:17","date_gmt":"2020-02-03T09:37:17","guid":{"rendered":"http:\/\/deefie.de\/?page_id=41"},"modified":"2026-01-07T16:21:03","modified_gmt":"2026-01-07T16:21:03","slug":"ueber-uns","status":"publish","type":"page","link":"https:\/\/deefie.de\/?page_id=41","title":{"rendered":"\u00dcber uns"},"content":{"rendered":"\n<p>Wir, das Team von Deerfield Consulting haben uns das Ziel gesetzt Beratungs- und Vertriebsfirmen beim Aufbau bzw. Erweiterung Ihrer Vertriebsmannschaft zu unterst\u00fctzen. Wir sind spezialisiert auf die <strong>Vermittlung von Talenten in der Finanz- und Versicherungsbranche.<\/strong> <\/p>\n\n\n\n<p>Unser Fokus liegt darauf, Menschen und Unternehmen zusammenzubringen, die <strong>langfristig zueinander passen.<\/strong><\/p>\n\n\n\n<p>Wie erweitere ich zeitnah meinen Vertrieb deutschlandweit?<br>Wie finde ich Spezialisten, die zu 100% zu meiner Unternehmensphilosophie passen und mit uns Richtung Erfolg wachsen?<\/p>\n\n\n\n<p>Wir unterst\u00fctzen Unternehmen beim nachhaltigen Aufbau leistungsstarker Teams \u2013 mit einem klaren Blick f\u00fcr <strong>Qualit\u00e4t, Pers\u00f6nlichkeit und Entwicklungspotenzial.<\/strong> Gleichzeitig begleiten wir Bewerber pers\u00f6nlich auf ihrem Karriereweg und schaffen <strong>Transparenz, Orientierung und echte Perspektiven. <\/strong><\/p>\n\n\n\n<p>Unser Anspruch ist eine partnerschaftliche Zusammenarbeit, die \u00fcber klassische Vermittlung hinausgeht. Denn nachhaltiger Erfolg entsteht dort, wo die richtigen Menschen am richtigen Platz wirken.<\/p>\n\n\n\n<p>Wir arbeiten, um einem hohen Qualit\u00e4tsanspruch stetig gerecht zu werden, ausschlie\u00dflich mit <strong>Top-Arbeitgebern und Unternehmen<\/strong> zusammen, die unter anderem folgende Auszeichnungen tragen:<\/p>\n\n\n\n<ul class=\"wp-block-list\">\n<li>kununu TOP COMPANY<\/li>\n\n\n\n<li>kununu OPEN COMPANY<\/li>\n\n\n\n<li>&#8222;M\u00fcnchens bester Arbeitgeber&#8220; <\/li>\n\n\n\n<li>Focus &#8211; TOP Arbeitgeber Mittelstand<\/li>\n\n\n\n<li>Focus &#8211; TOP Nationaler Arbeitgeber<\/li>\n\n\n\n<li>Corporate Health Award<\/li>\n\n\n\n<li>Fair Company<\/li>\n<\/ul>\n","protected":false},"excerpt":{"rendered":"<p>Wir, das Team von Deerfield Consulting haben uns das Ziel gesetzt Beratungs- und Vertriebsfirmen beim Aufbau bzw. Erweiterung Ihrer Vertriebsmannschaft zu unterst\u00fctzen. Wir sind spezialisiert auf die Vermittlung von Talenten in der Finanz- und Versicherungsbranche. Unser Fokus liegt darauf, Menschen und Unternehmen zusammenzubringen, die langfristig zueinander passen. Wie erweitere ich zeitnah meinen Vertrieb deutschlandweit?Wie finde &hellip; <\/p>\n<p class=\"link-more\"><a href=\"https:\/\/deefie.de\/?page_id=41\" class=\"more-link\"><span class=\"screen-reader-text\">\u201e\u00dcber uns\u201c <\/span>weiterlesen<\/a><\/p>\n","protected":false},"author":1,"featured_media":0,"parent":0,"menu_order":0,"comment_status":"closed","ping_status":"closed","template":"","meta":{"footnotes":""},"class_list":["post-41","page","type-page","status-publish","hentry"],"_links":{"self":[{"href":"https:\/\/deefie.de\/index.php?rest_route=\/wp\/v2\/pages\/41","targetHints":{"allow":["GET"]}}],"collection":[{"href":"https:\/\/deefie.de\/index.php?rest_route=\/wp\/v2\/pages"}],"about":[{"href":"https:\/\/deefie.de\/index.php?rest_route=\/wp\/v2\/types\/page"}],"author":[{"embeddable":true,"href":"https:\/\/deefie.de\/index.php?rest_route=\/wp\/v2\/users\/1"}],"replies":[{"embeddable":true,"href":"https:\/\/deefie.de\/index.php?rest_route=%2Fwp%2Fv2%2Fcomments&post=41"}],"version-history":[{"count":16,"href":"https:\/\/deefie.de\/index.php?rest_route=\/wp\/v2\/pages\/41\/revisions"}],"predecessor-version":[{"id":294,"href":"https:\/\/deefie.de\/index.php?rest_route=\/wp\/v2\/pages\/41\/revisions\/294"}],"wp:attachment":[{"href":"https:\/\/deefie.de\/index.php?rest_route=%2Fwp%2Fv2%2Fmedia&parent=41"}],"curies":[{"name":"wp","href":"https:\/\/api.w.org\/{rel}","templated":true}]}}